{"id":1080,"date":"2020-03-11T09:46:47","date_gmt":"2020-03-11T08:46:47","guid":{"rendered":"https:\/\/www.klingel-gmbh.de\/cylinder\/materialeinsatz-und-beschaffung\/"},"modified":"2020-06-22T16:54:32","modified_gmt":"2020-06-22T14:54:32","slug":"material-use-and-procurement","status":"publish","type":"page","link":"https:\/\/develop.sehpunkt.de\/en\/cylinder\/material-use-and-procurement\/","title":{"rendered":"Material use and procurement"},"content":{"rendered":"<p>[vc_row row_type=&#8221;row&#8221; use_row_as_full_screen_section=&#8221;no&#8221; type=&#8221;full_width&#8221; text_align=&#8221;left&#8221; background_animation=&#8221;none&#8221; css_animation=&#8221;&#8221;][vc_column][vc_single_image image=&#8221;736&#8243; img_size=&#8221;full&#8221; qode_css_animation=&#8221;&#8221;][\/vc_column][\/vc_row][vc_row row_type=&#8221;row&#8221; use_row_as_full_screen_section=&#8221;no&#8221; type=&#8221;grid&#8221; text_align=&#8221;left&#8221; background_animation=&#8221;none&#8221; css_animation=&#8221;element_from_bottom&#8221; css=&#8221;.vc_custom_1582899216623{margin-right: 0px !important;margin-left: 0px !important;padding-right: 0px !important;padding-left: 0px !important;background-color: #ffffff !important;}&#8221;][vc_column css=&#8221;.vc_custom_1582904844233{margin-right: 0px !important;margin-left: 0px !important;padding-right: 0px !important;padding-left: 0px !important;background-color: #ffffff !important;}&#8221; el_class=&#8221;shadow&#8221;][vc_row_inner row_type=&#8221;row&#8221; type=&#8221;grid&#8221; use_row_as_full_screen_section_slide=&#8221;no&#8221; text_align=&#8221;left&#8221; css_animation=&#8221;&#8221;][vc_column_inner][vc_empty_space height=&#8221;55px&#8221;][vc_column_text el_class=&#8221;whitetext&#8221;]<\/p>\n<h1>Zylinder |\u00a0<strong>Material use and procurement<\/strong><\/h1>\n<p>[\/vc_column_text][vc_empty_space height=&#8221;55px&#8221;][\/vc_column_inner][\/vc_row_inner][\/vc_column][\/vc_row][vc_row row_type=&#8221;row&#8221; use_row_as_full_screen_section=&#8221;no&#8221; type=&#8221;grid&#8221; text_align=&#8221;left&#8221; background_animation=&#8221;none&#8221; css_animation=&#8221;element_from_bottom&#8221; css=&#8221;.vc_custom_1582899216623{margin-right: 0px !important;margin-left: 0px !important;padding-right: 0px !important;padding-left: 0px !important;background-color: #ffffff !important;}&#8221;][vc_column css=&#8221;.vc_custom_1583920303475{margin-right: 0px !important;margin-left: 0px !important;padding-right: 0px !important;padding-left: 0px !important;}&#8221;][vc_empty_space height=&#8221;55px&#8221;][vc_row_inner row_type=&#8221;row&#8221; type=&#8221;full_width&#8221; use_row_as_full_screen_section_slide=&#8221;no&#8221; text_align=&#8221;left&#8221; css_animation=&#8221;&#8221;][vc_column_inner width=&#8221;1\/2&#8243;][vc_column_text]<\/p>\n<div class=\"n module-type-header diyfeLiveArea \">\n<h2>To meet the demanding level of our customers, we use nothing but raw material from quality suppliers.<\/h2>\n<\/div>\n<p>[\/vc_column_text][vc_empty_space height=&#8221;55px&#8221;][\/vc_column_inner][vc_column_inner width=&#8221;1\/2&#8243;][vc_column_text]<\/p>\n<div class=\"n module-type-header diyfeLiveArea \">\n<h3>Just as carefully and as a matter of course we track the material batches from receipt of goods through production to dispatch.<\/h3>\n<\/div>\n<p>[\/vc_column_text][vc_empty_space height=&#8221;55px&#8221;][\/vc_column_inner][\/vc_row_inner][vc_row_inner row_type=&#8221;row&#8221; type=&#8221;grid&#8221; use_row_as_full_screen_section_slide=&#8221;no&#8221; text_align=&#8221;left&#8221; css_animation=&#8221;&#8221;][vc_column_inner width=&#8221;1\/2&#8243;][vc_column_text]We purchase tubes made of fine structural steel grades S355 to S890 almost exclusively from Vallourec-Mannesmann and Ovako. An impact test in longitudinal and transverse direction at -27\u00b0 C and -40\u00b0 C respectively ensures the function of the cylinder even at extreme temperatures.<\/p>\n<p>&nbsp;<\/p>\n<p>Thanks to the long-standing partnerships with our suppliers, we are able to procure prefabricated steel tubes that meet the exact requirements of our customers.[\/vc_column_text][\/vc_column_inner][vc_column_inner width=&#8221;1\/2&#8243;][vc_column_text]<\/p>\n<div id=\"Text1LYR\">\n<p>This ensures our high quality standard &#8211; at the same time this is the basis for cost-optimized production with cost-effective solutions for our customers.<\/p>\n<p>&nbsp;<\/p>\n<p>We select the sealing system with our system partners depending on the thermal or mechanical environment, matched to the hydraulic medium.<\/p>\n<\/div>\n<p>[\/vc_column_text][\/vc_column_inner][\/vc_row_inner][vc_empty_space height=&#8221;55px&#8221;][vc_row_inner row_type=&#8221;row&#8221; type=&#8221;grid&#8221; use_row_as_full_screen_section_slide=&#8221;no&#8221; text_align=&#8221;left&#8221; css_animation=&#8221;&#8221;][vc_column_inner width=&#8221;1\/2&#8243;][\/vc_column_inner][vc_column_inner width=&#8221;1\/2&#8243;][\/vc_column_inner][\/vc_row_inner][\/vc_column][\/vc_row][vc_row row_type=&#8221;row&#8221; use_row_as_full_screen_section=&#8221;no&#8221; type=&#8221;full_width&#8221; text_align=&#8221;left&#8221; background_animation=&#8221;none&#8221; css_animation=&#8221;&#8221;][vc_column][vc_empty_space height=&#8221;55px&#8221;][vc_empty_space height=&#8221;45px&#8221; el_class=&#8221;hidemobile&#8221;][\/vc_column][\/vc_row][vc_row row_type=&#8221;row&#8221; use_row_as_full_screen_section=&#8221;no&#8221; type=&#8221;full_width&#8221; text_align=&#8221;left&#8221; background_animation=&#8221;none&#8221; css_animation=&#8221;&#8221; css=&#8221;.vc_custom_1578987575068{margin-right: 0px !important;margin-left: 0px !important;padding-right: 0px !important;padding-left: 0px !important;background-color: #bdccd4 !important;}&#8221;][vc_column width=&#8221;1\/2&#8243; offset=&#8221;vc_col-lg-4 vc_col-md-6&#8243;][vc_column_text el_class=&#8221;greytext&#8221;]<strong>The purchasing of materials and services lays the foundation for the successful realization of projects.<\/strong><\/p>\n<p>&nbsp;<\/p>\n<p>With a good instinct, sound knowledge of the industry and perseverance, we find the products and services for our clients with the optimal ratio of quality and price. Long-standing business relationships with industry-leading suppliers guarantee absolute adherence to delivery dates.[\/vc_column_text][\/vc_column][vc_column width=&#8221;1\/2&#8243; css=&#8221;.vc_custom_1586253236394{margin-right: 0px !important;margin-left: 0px !important;padding-right: 0px !important;padding-left: 0px !important;}&#8221; offset=&#8221;vc_col-lg-8 vc_col-md-6&#8243;][vc_single_image image=&#8221;363&#8243; img_size=&#8221;full&#8221; qode_css_animation=&#8221;&#8221;][\/vc_column][\/vc_row][vc_row row_type=&#8221;row&#8221; use_row_as_full_screen_section=&#8221;no&#8221; type=&#8221;full_width&#8221; text_align=&#8221;left&#8221; background_animation=&#8221;none&#8221; css_animation=&#8221;element_from_bottom&#8221;][vc_column width=&#8221;1\/2&#8243;][\/vc_column][vc_column width=&#8221;1\/3&#8243;][vc_row_inner row_type=&#8221;row&#8221; type=&#8221;full_width&#8221; use_row_as_full_screen_section_slide=&#8221;no&#8221; text_align=&#8221;left&#8221; css_animation=&#8221;&#8221;][vc_column_inner][vc_column_text el_class=&#8221;shadowbox&#8221;]<\/p>\n<h3><strong>Purchasing<\/strong> | Strategy increases sales<\/h3>\n<p>[\/vc_column_text][\/vc_column_inner][\/vc_row_inner][vc_row_inner row_type=&#8221;row&#8221; type=&#8221;full_width&#8221; use_row_as_full_screen_section_slide=&#8221;no&#8221; text_align=&#8221;center&#8221; css_animation=&#8221;&#8221;][vc_column_inner]<a href=\"mailto:einkauf@klingel-gmbh.de?subject=Kontaktanfrage%20via%20Webseite&amp;body=Hallo%20Klingel-Team,%20ich interessiere%20mich%20f\u00fcr%20Ihren%20Service%20und%20w\u00fcrde%20mich%20\u00fcber%20eine%20Kontaktaufnahme%20freuen.%20Vielen%20Dank!%20Mit%20freundlichen%20Gr\u00fc\u00dfen,%20\u2026\" target=\"_self\"  class=\"qbutton \" style=\"\">Contact us<\/a>[\/vc_column_inner][\/vc_row_inner][\/vc_column][vc_column width=&#8221;1\/6&#8243;][\/vc_column][\/vc_row][vc_row row_type=&#8221;row&#8221; use_row_as_full_screen_section=&#8221;no&#8221; type=&#8221;full_width&#8221; text_align=&#8221;left&#8221; background_animation=&#8221;none&#8221; css_animation=&#8221;&#8221;][vc_column][vc_empty_space height=&#8221;55px&#8221;][vc_empty_space height=&#8221;45px&#8221; el_class=&#8221;hidemobile&#8221;][\/vc_column][\/vc_row]<\/p>\n","protected":false},"excerpt":{"rendered":"<p>[vc_row row_type=&#8221;row&#8221; use_row_as_full_screen_section=&#8221;no&#8221; type=&#8221;full_width&#8221; text_align=&#8221;left&#8221; background_animation=&#8221;none&#8221; css_animation=&#8221;&#8221;][vc_column][vc_single_image image=&#8221;736&#8243;&#8230;<\/p>\n","protected":false},"author":2,"featured_media":0,"parent":1064,"menu_order":0,"comment_status":"closed","ping_status":"closed","template":"full_width.php","meta":{"footnotes":""},"class_list":["post-1080","page","type-page","status-publish","hentry"],"_links":{"self":[{"href":"https:\/\/develop.sehpunkt.de\/en\/wp-json\/wp\/v2\/pages\/1080","targetHints":{"allow":["GET"]}}],"collection":[{"href":"https:\/\/develop.sehpunkt.de\/en\/wp-json\/wp\/v2\/pages"}],"about":[{"href":"https:\/\/develop.sehpunkt.de\/en\/wp-json\/wp\/v2\/types\/page"}],"author":[{"embeddable":true,"href":"https:\/\/develop.sehpunkt.de\/en\/wp-json\/wp\/v2\/users\/2"}],"replies":[{"embeddable":true,"href":"https:\/\/develop.sehpunkt.de\/en\/wp-json\/wp\/v2\/comments?post=1080"}],"version-history":[{"count":2,"href":"https:\/\/develop.sehpunkt.de\/en\/wp-json\/wp\/v2\/pages\/1080\/revisions"}],"predecessor-version":[{"id":1083,"href":"https:\/\/develop.sehpunkt.de\/en\/wp-json\/wp\/v2\/pages\/1080\/revisions\/1083"}],"up":[{"embeddable":true,"href":"https:\/\/develop.sehpunkt.de\/en\/wp-json\/wp\/v2\/pages\/1064"}],"wp:attachment":[{"href":"https:\/\/develop.sehpunkt.de\/en\/wp-json\/wp\/v2\/media?parent=1080"}],"curies":[{"name":"wp","href":"https:\/\/api.w.org\/{rel}","templated":true}]}}